{"id":47,"date":"2018-03-06T15:58:58","date_gmt":"2018-03-06T15:58:58","guid":{"rendered":"http:\/\/www.gisfly.de\/?page_id=47"},"modified":"2021-09-11T00:18:30","modified_gmt":"2021-09-11T00:18:30","slug":"one-page-express","status":"publish","type":"page","link":"https:\/\/gisfly.de\/","title":{"rendered":"Front Page"},"content":{"rendered":"<div  class=\"features-coloured-icon-boxes-section\" id=\"overlapable-2\" style=\"background-color: rgb(255, 255, 255);\" data-id=\"stripped-coloured-icon-boxes\" data-label=\"Overlapable\" data-category=\"overlapable\" data-overlap=\"true\">\n<div  class=\"gridContainer\">\n<div  class=\"features-coloured-icon-boxes-innerrow flexbox-list dark-text\" data-type=\"row\">\n<div  class=\"features-coloured-icon-boxes-featurecol cp3cols\">\n<div  class=\"features-coloured-icon-boxes-iconcontainer\" data-content-item-container=\"true\"><i  class=\"features-coloured-icon fa fa-video-camera\" data-cp-fa=\"true\"><\/i><\/div>\n<h4  class=\"\">Atemberaubende Videos<\/h4>\nHochaufl\u00f6sende Luftbilder oder Videos f\u00fcr ihr individuelles Vorhaben.\n\n<a class=\"features-coloured-button button transparent\" href=\"https:\/\/gisfly.de?page_id=147\" target=\"_self\" data-icon=\"\" rel=\"noopener\">MEHR<\/a>\n\n<\/div>\n<div  class=\"features-coloured-icon-boxes-featurecol cp3cols\">\n<div  class=\"features-coloured-icon-boxes-iconcontainer\" data-content-item-container=\"true\"><i  class=\"features-coloured-icon fa fa-star\" data-cp-fa=\"true\"><\/i><\/div>\n<h4  class=\"\">Luftaufnahmen in HD-Qualit\u00e4t<\/h4>\nImmobilienaufnahmen, Baudokumentationen, Inspektionsfl\u00fcge vom Eigenheim bis hin zur Firmenzentrale.\n\n<a class=\"features-coloured-button\" href=\"#\" target=\"_self\" rel=\"noopener\">MEHR<\/a>\n\n<\/div>\n<div  class=\"features-coloured-icon-boxes-featurecol cp3cols\">\n<div  class=\"features-coloured-icon-boxes-iconcontainer\" data-content-item-container=\"true\"><i  class=\"features-coloured-icon fa fa-arrows-alt\" data-cp-fa=\"true\"><\/i><\/div>\n<h4  class=\"\">Vermessung und Auswertung<\/h4>\nGeoreferenzierte Vermessung und Digitalisierung, Inspektions- und Messfl\u00fcge.\n\n<a class=\"features-coloured-button\" href=\"#\" target=\"_self\" rel=\"noopener\">MEHR<\/a>\n\n<\/div>\n<div  class=\"features-coloured-icon-boxes-featurecol cp3cols\">\n<div  class=\"features-coloured-icon-boxes-iconcontainer\" data-content-item-container=\"true\"><i  class=\"features-coloured-icon fa fa-film\" data-cp-fa=\"true\"><\/i><\/div>\n<h4  class=\"\">Videoschnitt und Design<\/h4>\nDigitale Videoaufbereitung und professioneller Filmschnitt\n\n<a class=\"features-coloured-button\" href=\"#\" target=\"_self\" rel=\"noopener\">MEHR<\/a>\n\n<\/div>\n<\/div>\n<\/div>\n<\/div>","protected":false},"excerpt":{"rendered":"<p>Atemberaubende Videos Hochaufl\u00f6sende Luftbilder oder Videos f\u00fcr ihr individuelles Vorhaben. MEHR Luftaufnahmen in HD-Qualit\u00e4t Immobilienaufnahmen, Baudokumentationen, Inspektionsfl\u00fcge vom Eigenheim bis hin zur Firmenzentrale. MEHR Vermessung und Auswertung Georeferenzierte Vermessung und Digitalisierung, Inspektions- und Messfl\u00fcge. MEHR Videoschnitt und Design Digitale Videoaufbereitung und professioneller Filmschnitt MEHR<\/p>\n","protected":false},"author":1,"featured_media":0,"parent":0,"menu_order":0,"comment_status":"closed","ping_status":"closed","template":"full-width-page.php","meta":[],"_links":{"self":[{"href":"https:\/\/gisfly.de\/index.php?rest_route=\/wp\/v2\/pages\/47"}],"collection":[{"href":"https:\/\/gisfly.de\/index.php?rest_route=\/wp\/v2\/pages"}],"about":[{"href":"https:\/\/gisfly.de\/index.php?rest_route=\/wp\/v2\/types\/page"}],"author":[{"embeddable":true,"href":"https:\/\/gisfly.de\/index.php?rest_route=\/wp\/v2\/users\/1"}],"replies":[{"embeddable":true,"href":"https:\/\/gisfly.de\/index.php?rest_route=%2Fwp%2Fv2%2Fcomments&post=47"}],"version-history":[{"count":15,"href":"https:\/\/gisfly.de\/index.php?rest_route=\/wp\/v2\/pages\/47\/revisions"}],"predecessor-version":[{"id":228,"href":"https:\/\/gisfly.de\/index.php?rest_route=\/wp\/v2\/pages\/47\/revisions\/228"}],"wp:attachment":[{"href":"https:\/\/gisfly.de\/index.php?rest_route=%2Fwp%2Fv2%2Fmedia&parent=47"}],"curies":[{"name":"wp","href":"https:\/\/api.w.org\/{rel}","templated":true}]}}